{"id":154,"date":"2008-03-30T12:21:10","date_gmt":"2008-03-30T11:21:10","guid":{"rendered":"http:\/\/www.elrentaplats.cat\/instants\/instants-musicals\/"},"modified":"2008-03-30T12:21:10","modified_gmt":"2008-03-30T11:21:10","slug":"instants-musicals","status":"publish","type":"page","link":"https:\/\/www.francescbalague.com\/instants\/instants-musicals\/","title":{"rendered":"instants musicals"},"content":{"rendered":"<p>Tots els instants musicals recollits aqu\u00ed (les can\u00e7ons que nom\u00e9s duren 30 seg. estan protegides pels drets d&#8217;autor, sorry! potser les trobeu <a title=\"http:\/\/skreemr.com\/\" href=\"http:\/\/skreemr.com\/\">aqu\u00ed<\/a>):<\/p>\n<p><object classid=\"clsid:d27cdb6e-ae6d-11cf-96b8-444553540000\" width=\"300\" height=\"340\" codebase=\"http:\/\/download.macromedia.com\/pub\/shockwave\/cabs\/flash\/swflash.cab#version=6,0,40,0\"><param name=\"wmode\" value=\"transparent\" \/><param name=\"FlashVars\" value=\"backColor=66ccff&amp;primaryColor=003366&amp;secondaryColor=3366cc&amp;linkColor=336699\" \/><param name=\"src\" value=\"http:\/\/media.imeem.com\/pl\/mnCQCpfm3L\/autoShuffle=true\/\" \/><embed type=\"application\/x-shockwave-flash\" width=\"300\" height=\"340\" src=\"http:\/\/media.imeem.com\/pl\/mnCQCpfm3L\/autoShuffle=true\/\" flashvars=\"backColor=66ccff&amp;primaryColor=003366&amp;secondaryColor=3366cc&amp;linkColor=336699\" wmode=\"transparent\"><\/embed><\/object><\/p>\n","protected":false},"excerpt":{"rendered":"<p>Tots els instants musicals recollits aqu\u00ed (les can\u00e7ons que nom\u00e9s duren 30 seg. estan protegides pels drets d&#8217;autor, sorry! potser les trobeu aqu\u00ed):<\/p>\n","protected":false},"author":1,"featured_media":0,"parent":0,"menu_order":0,"comment_status":"open","ping_status":"open","template":"","meta":[],"_links":{"self":[{"href":"https:\/\/www.francescbalague.com\/instants\/wp-json\/wp\/v2\/pages\/154"}],"collection":[{"href":"https:\/\/www.francescbalague.com\/instants\/wp-json\/wp\/v2\/pages"}],"about":[{"href":"https:\/\/www.francescbalague.com\/instants\/wp-json\/wp\/v2\/types\/page"}],"author":[{"embeddable":true,"href":"https:\/\/www.francescbalague.com\/instants\/wp-json\/wp\/v2\/users\/1"}],"replies":[{"embeddable":true,"href":"https:\/\/www.francescbalague.com\/instants\/wp-json\/wp\/v2\/comments?post=154"}],"version-history":[{"count":0,"href":"https:\/\/www.francescbalague.com\/instants\/wp-json\/wp\/v2\/pages\/154\/revisions"}],"wp:attachment":[{"href":"https:\/\/www.francescbalague.com\/instants\/wp-json\/wp\/v2\/media?parent=154"}],"curies":[{"name":"wp","href":"https:\/\/api.w.org\/{rel}","templated":true}]}}