{"id":181,"date":"2008-05-20T23:01:03","date_gmt":"2008-05-20T21:01:03","guid":{"rendered":"http:\/\/www.elrentaplats.cat\/instants\/?page_id=181"},"modified":"2008-05-20T23:01:03","modified_gmt":"2008-05-20T21:01:03","slug":"i-n-s-t-a-n-t-s-arxivats","status":"publish","type":"page","link":"https:\/\/www.francescbalague.com\/instants\/i-n-s-t-a-n-t-s-arxivats\/","title":{"rendered":"i n s t a n t s   arxivats"},"content":{"rendered":"<p>perqu\u00e8 els <span style=\"color: #99cc00;\"><strong><em>instants<\/em><\/strong><\/span> poden ser m\u00e9s o menys fuga\u00e7os, aqu\u00ed queden tots recollits:<\/p>\n<p><kgarchives \/> <\/p>\n","protected":false},"excerpt":{"rendered":"<p>perqu\u00e8 els instants poden ser m\u00e9s o menys fuga\u00e7os, aqu\u00ed queden tots recollits:<\/p>\n","protected":false},"author":1,"featured_media":0,"parent":0,"menu_order":0,"comment_status":"open","ping_status":"open","template":"","meta":[],"_links":{"self":[{"href":"https:\/\/www.francescbalague.com\/instants\/wp-json\/wp\/v2\/pages\/181"}],"collection":[{"href":"https:\/\/www.francescbalague.com\/instants\/wp-json\/wp\/v2\/pages"}],"about":[{"href":"https:\/\/www.francescbalague.com\/instants\/wp-json\/wp\/v2\/types\/page"}],"author":[{"embeddable":true,"href":"https:\/\/www.francescbalague.com\/instants\/wp-json\/wp\/v2\/users\/1"}],"replies":[{"embeddable":true,"href":"https:\/\/www.francescbalague.com\/instants\/wp-json\/wp\/v2\/comments?post=181"}],"version-history":[{"count":0,"href":"https:\/\/www.francescbalague.com\/instants\/wp-json\/wp\/v2\/pages\/181\/revisions"}],"wp:attachment":[{"href":"https:\/\/www.francescbalague.com\/instants\/wp-json\/wp\/v2\/media?parent=181"}],"curies":[{"name":"wp","href":"https:\/\/api.w.org\/{rel}","templated":true}]}}